{"id":352,"date":"2024-09-03T14:53:22","date_gmt":"2024-09-03T12:53:22","guid":{"rendered":"https:\/\/turbo-import.fr\/?page_id=352"},"modified":"2024-09-03T16:55:31","modified_gmt":"2024-09-03T14:55:31","slug":"simulation-import-japon","status":"publish","type":"page","link":"https:\/\/turbo-import.fr\/?page_id=352","title":{"rendered":"Simulation import japon"},"content":{"rendered":"\n<div class=\"wp-block-cover alignfull has-parallax\"><span aria-hidden=\"true\" class=\"wp-block-cover__background has-background-dim-10 has-background-dim\" style=\"background-color:#3a301f\"><\/span><div class=\"wp-block-cover__image-background wp-image-319 has-parallax\" style=\"background-position:50% 50%;background-image:url(https:\/\/turbo-import.fr\/wp-content\/uploads\/2023\/09\/JPG-format-black-background.jpg)\"><\/div><div class=\"wp-block-cover__inner-container is-layout-flow wp-block-cover-is-layout-flow\">\n<div class=\"wp-block-columns alignwide are-vertically-aligned-center is-layout-flex wp-container-core-columns-is-layout-696c3652 wp-block-columns-is-layout-flex\" style=\"border-style:none;border-width:0px;border-radius:0px;margin-top:0;margin-bottom:0;padding-top:0;padding-right:0;padding-bottom:0;padding-left:0\">\n<div class=\"wp-block-column is-vertically-aligned-center is-layout-flow wp-block-column-is-layout-flow\" style=\"flex-basis:66.66%\">\n<!DOCTYPE html>\n<html lang=\"fr\">\n<head>\n    <meta charset=\"UTF-8\">\n    <meta name=\"viewport\" content=\"width=device-width, initial-scale=1.0\">\n    <title>Simulateur de Prix D\u00e9tail\u00e9<\/title>\n    <style>\n        body {\n            font-family: Arial, sans-serif;\n            margin: 0;\n            padding: 20px;\n        }\n        .container {\n            max-width: 600px;\n            margin: 0 auto;\n            padding: 20px;\n            background-color: #fff;\n            box-shadow: 0 0 15px rgba(0, 0, 0, 0.1);\n            border-radius: 8px;\n            font-size: 16px;\n        }\n        h1 {\n            text-align: center;\n            color: #333;\n            margin-bottom: 20px;\n        }\n        label {\n            display: block;\n            margin: 10px 0;\n            color: #555;\n        }\n        input[type=\"number\"], input[type=\"checkbox\"] {\n            width: calc(100% - 22px); \/* Ajuste la largeur pour les bordures et le padding *\/\n            padding: 12px;\n            border: 1px solid #ddd;\n            border-radius: 8px;\n            box-sizing: border-box;\n            font-size: 16px;\n        }\n        input[type=\"number\"] {\n            margin-bottom: 10px;\n        }\n        .option-label {\n            display: flex;\n            align-items: center;\n            margin: 10px 0;\n        }\n        .option-label input {\n            width: auto;\n            margin-right: 10px;\n        }\n        .details {\n            margin-top: 20px;\n        }\n        .details p {\n            background: #f8f9fa;\n            padding: 12px;\n            border-radius: 8px;\n            margin: 5px 0;\n            font-size: 16px;\n        }\n        #resultat {\n            font-size: 20px;\n            font-weight: bold;\n            color: #555;\n            margin-top: 20px;\n            text-align: center;\n            min-height: 40px; \/* Assure que la zone du r\u00e9sultat a toujours une hauteur minimale *\/\n        }\n        @media (max-width: 600px) {\n            .container {\n                padding: 15px;\n                font-size: 14px;\n            }\n            input, .details p {\n                padding: 10px;\n            }\n        }\n    <\/style>\n<\/head>\n<body>\n    <div class=\"container\">\n        <h1>Simulateur de Prix D\u00e9tail\u00e9<\/h1>\n        <label for=\"prixYen\">Prix en YEN :<\/label>\n        <input type=\"number\" id=\"prixYen\" placeholder=\"Entrez le prix en YEN\">\n        \n        <label class=\"option-label\">\n            <input type=\"checkbox\" id=\"transportContainer\"> Transport Container (+1000\u20ac)\n        <\/label>\n        <label class=\"option-label\">\n            <input type=\"checkbox\" id=\"transportPersonnalise\"> Frais de Transport Personnalis\u00e9\n        <\/label>\n        <input type=\"number\" id=\"prixTransportPersonnalise\" placeholder=\"Entrez le prix du transport en Euros\" disabled>\n        \n        <label class=\"option-label\">\n            <input type=\"checkbox\" id=\"importationPersonnalise\"> Frais d&rsquo;Importation Personnalis\u00e9\n        <\/label>\n        <input type=\"number\" id=\"prixImportationPersonnalise\" placeholder=\"Entrez les frais d'importation en Euros\" disabled>\n        \n        <label class=\"option-label\">\n            <input type=\"checkbox\" id=\"reportagePhotos\"> Reportage Photos (+60\u20ac)\n        <\/label>\n        \n        <h2 id=\"resultat\">Entrez les informations pour voir le prix final.<\/h2>\n        <div class=\"details\" id=\"details\"><\/div>\n    <\/div>\n\n    <script>\n        async function obtenirTauxDeConversion() {\n            const response = await fetch(\"https:\/\/api.exchangerate-api.com\/v4\/latest\/JPY\");\n            const data = await response.json();\n            return data.rates.EUR;\n        }\n\n        function activerDesactiverOptions() {\n            const transportPersonnaliseChecked = document.getElementById('transportPersonnalise').checked;\n            document.getElementById('prixTransportPersonnalise').disabled = !transportPersonnaliseChecked;\n            \n            const importationPersonnaliseChecked = document.getElementById('importationPersonnalise').checked;\n            document.getElementById('prixImportationPersonnalise').disabled = !importationPersonnaliseChecked;\n        }\n\n        async function calculerPrixFinal() {\n            const prixYen = document.getElementById('prixYen').value;\n            const transportContainerChecked = document.getElementById('transportContainer').checked;\n            const transportPersonnaliseChecked = document.getElementById('transportPersonnalise').checked;\n            const prixTransportPersonnalise = document.getElementById('prixTransportPersonnalise').value;\n            const importationPersonnaliseChecked = document.getElementById('importationPersonnalise').checked;\n            const prixImportationPersonnalise = document.getElementById('prixImportationPersonnalise').value;\n            const reportagePhotosChecked = document.getElementById('reportagePhotos').checked;\n\n            const tauxConversion = await obtenirTauxDeConversion();\n            let prixEuros = prixYen * tauxConversion;\n\n            const detailsDiv = document.getElementById('details');\n            detailsDiv.innerHTML = `\n                <p>Taux de conversion YEN -> EUR : ${tauxConversion.toFixed(4)}<\/p>\n                <p>Prix converti en Euros : ${prixEuros.toFixed(2)}\u20ac<\/p>\n            `;\n\n            \/\/ Ajouter 5% si le prix est sup\u00e9rieur \u00e0 1 000 000 \u00a5\n            if (prixYen > 1000000) {\n                const montantAjoute = prixEuros * 0.05;\n                prixEuros *= 1.05;\n                detailsDiv.innerHTML += `<p>+5% (${montantAjoute.toFixed(2)}\u20ac) car le prix est sup\u00e9rieur \u00e0 1 000 000 \u00a5 : ${prixEuros.toFixed(2)}\u20ac<\/p>`;\n            }\n\n            \/\/ Ajouter les frais de transport\n            let fraisTransport = 1500;\n            if (transportContainerChecked) {\n                fraisTransport = 2500;\n            }\n            if (transportPersonnaliseChecked && prixTransportPersonnalise) {\n                fraisTransport = parseFloat(prixTransportPersonnalise);\n            }\n            prixEuros += fraisTransport;\n            detailsDiv.innerHTML += `<p>Frais de transport : ${fraisTransport}\u20ac -> ${prixEuros.toFixed(2)}\u20ac<\/p>`;\n            \n            \/\/ Ajouter les frais d'importation\n            let fraisImportation = 2200;\n            if (importationPersonnaliseChecked && prixImportationPersonnalise) {\n                fraisImportation = parseFloat(prixImportationPersonnalise);\n            }\n            prixEuros += fraisImportation;\n            detailsDiv.innerHTML += `<p>Frais d'importation : ${fraisImportation}\u20ac -> ${prixEuros.toFixed(2)}\u20ac<\/p>`;\n\n            \/\/ Ajouter les frais divers\n            prixEuros += 300;\n            detailsDiv.innerHTML += `<p>Frais divers : 300\u20ac -> ${prixEuros.toFixed(2)}\u20ac<\/p>`;\n\n            \/\/ Ajouter les taxes\n            const fraisDouane = prixEuros * 0.10;\n            prixEuros *= 1.10;  \/\/ 10% de frais de douane\n            detailsDiv.innerHTML += `<p>Frais de douane (10%) : ${fraisDouane.toFixed(2)}\u20ac -> ${prixEuros.toFixed(2)}\u20ac<\/p>`;\n\n            const tva = prixEuros * 0.20;\n            prixEuros *= 1.20;  \/\/ 20% de TVA\n            detailsDiv.innerHTML += `<p>TVA (20%) : ${tva.toFixed(2)}\u20ac -> ${prixEuros.toFixed(2)}\u20ac<\/p>`;\n\n            \/\/ Ajouter les frais de reportage photos si s\u00e9lectionn\u00e9\n            if (reportagePhotosChecked) {\n                prixEuros += 60;\n                detailsDiv.innerHTML += `<p>Reportage photos : 60\u20ac -> ${prixEuros.toFixed(2)}\u20ac<\/p>`;\n            }\n\n            document.getElementById('resultat').innerText = `Le prix final en Euros est de : ${prixEuros.toFixed(2)}\u20ac`;\n        }\n\n        document.getElementById('prixYen').addEventListener('input', calculerPrixFinal);\n        document.getElementById('transportContainer').addEventListener('change', calculerPrixFinal);\n        document.getElementById('transportPersonnalise').addEventListener('change', () => {\n            activerDesactiverOptions();\n            calculerPrixFinal();\n        });\n        document.getElementById('prixTransportPersonnalise').addEventListener('input', calculerPrixFinal);\n        document.getElementById('importationPersonnalise').addEventListener('change', () => {\n            activerDesactiverOptions();\n            calculerPrixFinal();\n        });\n        document.getElementById('prixImportationPersonnalise').addEventListener('input', calculerPrixFinal);\n        document.getElementById('reportagePhotos').addEventListener('change', calculerPrixFinal);\n\n        \/\/ Initialisation avec un message par d\u00e9faut\n        calculerPrixFinal();\n    <\/script>\n<\/body>\n<\/html>\n<\/div>\n\n\n\n<div class=\"wp-block-column is-vertically-aligned-center is-layout-flow wp-block-column-is-layout-flow\" style=\"flex-basis:33.33%\">\n<!DOCTYPE html>\n<html lang=\"fr\">\n<head>\n    <meta charset=\"UTF-8\">\n    <meta name=\"viewport\" content=\"width=device-width, initial-scale=1.0\">\n    <title>Convertisseur et Graphique de Devises Wise<\/title>\n    <style>\n        body {\n            font-family: Arial, sans-serif;\n            margin: 0;\n            padding: 10px;\n        }\n        .container {\n            max-width: 1000px;\n            margin: 0 auto;\n            padding: 20px;\n            background-color: #fff;\n            box-shadow: 0 0 10px rgba(0, 0, 0, 0.1);\n            border-radius: 5px;\n        }\n        h1 {\n            text-align: center;\n            margin-bottom: 20px;\n        }\n        .widget {\n            margin: 20px 0;\n            padding: 15px;\n            border-radius: 5px;\n            box-shadow: 0 0 5px rgba(0, 0, 0, 0.2);\n        }\n        h2 {\n            text-align: center;\n            margin-bottom: 10px;\n        }\n        iframe {\n            width: 100%;\n            height: 500px; \/* Hauteur uniforme pour les deux widgets *\/\n            border: none;\n        }\n    <\/style>\n<\/head>\n<body>\n    <div class=\"container\">\n\n\n        <div class=\"widget converter\">\n            <iframe src=\"https:\/\/wise.com\/fr\/currency-converter\/fx-widget\/converter?sourceCurrency=EUR&#038;targetCurrency=JPY&#038;amount=1\" \n                    title=\"Convertisseur de Devises Wise\">\n            <\/iframe>\n        <\/div>\n\n        <div class=\"widget chart\">\n            <iframe src=\"https:\/\/wise.com\/fr\/currency-converter\/fx-widget\/chart?sourceCurrency=EUR&#038;targetCurrency=JPY\" \n                    title=\"Graphique de Taux de Change Wise\">\n            <\/iframe>\n        <\/div>\n    <\/div>\n<\/body>\n<\/html>\n<\/div>\n<\/div>\n<\/div><\/div>\n","protected":false},"excerpt":{"rendered":"","protected":false},"author":1,"featured_media":0,"parent":0,"menu_order":0,"comment_status":"closed","ping_status":"closed","template":"","meta":{"site-sidebar-layout":"default","site-content-layout":"default","ast-global-header-display":"","ast-banner-title-visibility":"","ast-main-header-display":"","ast-hfb-above-header-display":"","ast-hfb-below-header-display":"","ast-hfb-mobile-header-display":"","site-post-title":"","ast-breadcrumbs-content":"","ast-featured-img":"","footer-sml-layout":"","theme-transparent-header-meta":"","adv-header-id-meta":"","stick-header-meta":"","header-above-stick-meta":"","header-main-stick-meta":"","header-below-stick-meta":"","footnotes":""},"class_list":["post-352","page","type-page","status-publish","hentry"],"yoast_head":"<!-- This site is optimized with the Yoast SEO Premium plugin v20.8 (Yoast SEO v20.8) - https:\/\/yoast.com\/wordpress\/plugins\/seo\/ -->\n<title>Simulation import japon - Turbo Import<\/title>\n<meta name=\"description\" content=\"Cette page permet de calculer automatiquement le prix final d&#039;une voiture import\u00e9 du Japon en euros, en tenant compte de la conversion du YEN, des frais de transport, d&#039;importation, des taxes, et d&#039;options suppl\u00e9mentaires comme un transport personnalis\u00e9 ou un reportage photos. Chaque \u00e9tape du calcul est d\u00e9taill\u00e9e pour l&#039;utilisateur. Le prix final est mis \u00e0 jour en temps r\u00e9el \u00e0 mesure que l&#039;utilisateur entre les donn\u00e9es ou s\u00e9lectionne des options.\" \/>\n<meta name=\"robots\" content=\"index, follow, max-snippet:-1, max-image-preview:large, max-video-preview:-1\" \/>\n<link rel=\"canonical\" href=\"https:\/\/turbo-import.fr\/?page_id=352\" \/>\n<meta property=\"og:locale\" content=\"fr_FR\" \/>\n<meta property=\"og:type\" content=\"article\" \/>\n<meta property=\"og:title\" content=\"Simulation import japon\" \/>\n<meta property=\"og:description\" content=\"Cette page permet de calculer automatiquement le prix final d&#039;une voiture import\u00e9 du Japon en euros, en tenant compte de la conversion du YEN, des frais de transport, d&#039;importation, des taxes, et d&#039;options suppl\u00e9mentaires comme un transport personnalis\u00e9 ou un reportage photos. Chaque \u00e9tape du calcul est d\u00e9taill\u00e9e pour l&#039;utilisateur. Le prix final est mis \u00e0 jour en temps r\u00e9el \u00e0 mesure que l&#039;utilisateur entre les donn\u00e9es ou s\u00e9lectionne des options.\" \/>\n<meta property=\"og:url\" content=\"https:\/\/turbo-import.fr\/?page_id=352\" \/>\n<meta property=\"og:site_name\" content=\"Turbo Import\" \/>\n<meta property=\"article:modified_time\" content=\"2024-09-03T14:55:31+00:00\" \/>\n<meta property=\"og:image\" content=\"https:\/\/turbo-import.fr\/wp-content\/uploads\/2023\/09\/JPG-format-black-background.jpg\" \/>\n\t<meta property=\"og:image:width\" content=\"1200\" \/>\n\t<meta property=\"og:image:height\" content=\"650\" \/>\n\t<meta property=\"og:image:type\" content=\"image\/jpeg\" \/>\n<meta name=\"twitter:card\" content=\"summary_large_image\" \/>\n<meta name=\"twitter:label1\" content=\"Dur\u00e9e de lecture estim\u00e9e\" \/>\n\t<meta name=\"twitter:data1\" content=\"4 minutes\" \/>\n<script type=\"application\/ld+json\" class=\"yoast-schema-graph\">{\"@context\":\"https:\/\/schema.org\",\"@graph\":[{\"@type\":\"WebPage\",\"@id\":\"https:\/\/turbo-import.fr\/?page_id=352\",\"url\":\"https:\/\/turbo-import.fr\/?page_id=352\",\"name\":\"Simulation import japon - Turbo Import\",\"isPartOf\":{\"@id\":\"https:\/\/turbo-import.fr\/#website\"},\"datePublished\":\"2024-09-03T12:53:22+00:00\",\"dateModified\":\"2024-09-03T14:55:31+00:00\",\"description\":\"Cette page permet de calculer automatiquement le prix final d'une voiture import\u00e9 du Japon en euros, en tenant compte de la conversion du YEN, des frais de transport, d'importation, des taxes, et d'options suppl\u00e9mentaires comme un transport personnalis\u00e9 ou un reportage photos. Chaque \u00e9tape du calcul est d\u00e9taill\u00e9e pour l'utilisateur. Le prix final est mis \u00e0 jour en temps r\u00e9el \u00e0 mesure que l'utilisateur entre les donn\u00e9es ou s\u00e9lectionne des options.\",\"breadcrumb\":{\"@id\":\"https:\/\/turbo-import.fr\/?page_id=352#breadcrumb\"},\"inLanguage\":\"fr-FR\",\"potentialAction\":[{\"@type\":\"ReadAction\",\"target\":[\"https:\/\/turbo-import.fr\/?page_id=352\"]}]},{\"@type\":\"BreadcrumbList\",\"@id\":\"https:\/\/turbo-import.fr\/?page_id=352#breadcrumb\",\"itemListElement\":[{\"@type\":\"ListItem\",\"position\":1,\"name\":\"Home\",\"item\":\"https:\/\/turbo-import.fr\/\"},{\"@type\":\"ListItem\",\"position\":2,\"name\":\"Simulation import japon\"}]},{\"@type\":\"WebSite\",\"@id\":\"https:\/\/turbo-import.fr\/#website\",\"url\":\"https:\/\/turbo-import.fr\/\",\"name\":\"Turbo Import\",\"description\":\"Importez vos envies avec Turbo Import\",\"publisher\":{\"@id\":\"https:\/\/turbo-import.fr\/#organization\"},\"potentialAction\":[{\"@type\":\"SearchAction\",\"target\":{\"@type\":\"EntryPoint\",\"urlTemplate\":\"https:\/\/turbo-import.fr\/?s={search_term_string}\"},\"query-input\":\"required name=search_term_string\"}],\"inLanguage\":\"fr-FR\"},{\"@type\":\"Organization\",\"@id\":\"https:\/\/turbo-import.fr\/#organization\",\"name\":\"Turbo Import\",\"url\":\"https:\/\/turbo-import.fr\/\",\"logo\":{\"@type\":\"ImageObject\",\"inLanguage\":\"fr-FR\",\"@id\":\"https:\/\/turbo-import.fr\/#\/schema\/logo\/image\/\",\"url\":\"https:\/\/turbo-import.fr\/wp-content\/uploads\/2023\/06\/cropped-PNG-file-Transparent-background-1.png\",\"contentUrl\":\"https:\/\/turbo-import.fr\/wp-content\/uploads\/2023\/06\/cropped-PNG-file-Transparent-background-1.png\",\"width\":3746,\"height\":911,\"caption\":\"Turbo Import\"},\"image\":{\"@id\":\"https:\/\/turbo-import.fr\/#\/schema\/logo\/image\/\"}}]}<\/script>\n<!-- \/ Yoast SEO Premium plugin. -->","yoast_head_json":{"title":"Simulation import japon - Turbo Import","description":"Cette page permet de calculer automatiquement le prix final d'une voiture import\u00e9 du Japon en euros, en tenant compte de la conversion du YEN, des frais de transport, d'importation, des taxes, et d'options suppl\u00e9mentaires comme un transport personnalis\u00e9 ou un reportage photos. Chaque \u00e9tape du calcul est d\u00e9taill\u00e9e pour l'utilisateur. Le prix final est mis \u00e0 jour en temps r\u00e9el \u00e0 mesure que l'utilisateur entre les donn\u00e9es ou s\u00e9lectionne des options.","robots":{"index":"index","follow":"follow","max-snippet":"max-snippet:-1","max-image-preview":"max-image-preview:large","max-video-preview":"max-video-preview:-1"},"canonical":"https:\/\/turbo-import.fr\/?page_id=352","og_locale":"fr_FR","og_type":"article","og_title":"Simulation import japon","og_description":"Cette page permet de calculer automatiquement le prix final d'une voiture import\u00e9 du Japon en euros, en tenant compte de la conversion du YEN, des frais de transport, d'importation, des taxes, et d'options suppl\u00e9mentaires comme un transport personnalis\u00e9 ou un reportage photos. Chaque \u00e9tape du calcul est d\u00e9taill\u00e9e pour l'utilisateur. Le prix final est mis \u00e0 jour en temps r\u00e9el \u00e0 mesure que l'utilisateur entre les donn\u00e9es ou s\u00e9lectionne des options.","og_url":"https:\/\/turbo-import.fr\/?page_id=352","og_site_name":"Turbo Import","article_modified_time":"2024-09-03T14:55:31+00:00","og_image":[{"width":1200,"height":650,"url":"https:\/\/turbo-import.fr\/wp-content\/uploads\/2023\/09\/JPG-format-black-background.jpg","type":"image\/jpeg"}],"twitter_card":"summary_large_image","twitter_misc":{"Dur\u00e9e de lecture estim\u00e9e":"4 minutes"},"schema":{"@context":"https:\/\/schema.org","@graph":[{"@type":"WebPage","@id":"https:\/\/turbo-import.fr\/?page_id=352","url":"https:\/\/turbo-import.fr\/?page_id=352","name":"Simulation import japon - Turbo Import","isPartOf":{"@id":"https:\/\/turbo-import.fr\/#website"},"datePublished":"2024-09-03T12:53:22+00:00","dateModified":"2024-09-03T14:55:31+00:00","description":"Cette page permet de calculer automatiquement le prix final d'une voiture import\u00e9 du Japon en euros, en tenant compte de la conversion du YEN, des frais de transport, d'importation, des taxes, et d'options suppl\u00e9mentaires comme un transport personnalis\u00e9 ou un reportage photos. Chaque \u00e9tape du calcul est d\u00e9taill\u00e9e pour l'utilisateur. Le prix final est mis \u00e0 jour en temps r\u00e9el \u00e0 mesure que l'utilisateur entre les donn\u00e9es ou s\u00e9lectionne des options.","breadcrumb":{"@id":"https:\/\/turbo-import.fr\/?page_id=352#breadcrumb"},"inLanguage":"fr-FR","potentialAction":[{"@type":"ReadAction","target":["https:\/\/turbo-import.fr\/?page_id=352"]}]},{"@type":"BreadcrumbList","@id":"https:\/\/turbo-import.fr\/?page_id=352#breadcrumb","itemListElement":[{"@type":"ListItem","position":1,"name":"Home","item":"https:\/\/turbo-import.fr\/"},{"@type":"ListItem","position":2,"name":"Simulation import japon"}]},{"@type":"WebSite","@id":"https:\/\/turbo-import.fr\/#website","url":"https:\/\/turbo-import.fr\/","name":"Turbo Import","description":"Importez vos envies avec Turbo Import","publisher":{"@id":"https:\/\/turbo-import.fr\/#organization"},"potentialAction":[{"@type":"SearchAction","target":{"@type":"EntryPoint","urlTemplate":"https:\/\/turbo-import.fr\/?s={search_term_string}"},"query-input":"required name=search_term_string"}],"inLanguage":"fr-FR"},{"@type":"Organization","@id":"https:\/\/turbo-import.fr\/#organization","name":"Turbo Import","url":"https:\/\/turbo-import.fr\/","logo":{"@type":"ImageObject","inLanguage":"fr-FR","@id":"https:\/\/turbo-import.fr\/#\/schema\/logo\/image\/","url":"https:\/\/turbo-import.fr\/wp-content\/uploads\/2023\/06\/cropped-PNG-file-Transparent-background-1.png","contentUrl":"https:\/\/turbo-import.fr\/wp-content\/uploads\/2023\/06\/cropped-PNG-file-Transparent-background-1.png","width":3746,"height":911,"caption":"Turbo Import"},"image":{"@id":"https:\/\/turbo-import.fr\/#\/schema\/logo\/image\/"}}]}},"_links":{"self":[{"href":"https:\/\/turbo-import.fr\/index.php?rest_route=\/wp\/v2\/pages\/352","targetHints":{"allow":["GET"]}}],"collection":[{"href":"https:\/\/turbo-import.fr\/index.php?rest_route=\/wp\/v2\/pages"}],"about":[{"href":"https:\/\/turbo-import.fr\/index.php?rest_route=\/wp\/v2\/types\/page"}],"author":[{"embeddable":true,"href":"https:\/\/turbo-import.fr\/index.php?rest_route=\/wp\/v2\/users\/1"}],"replies":[{"embeddable":true,"href":"https:\/\/turbo-import.fr\/index.php?rest_route=%2Fwp%2Fv2%2Fcomments&post=352"}],"version-history":[{"count":50,"href":"https:\/\/turbo-import.fr\/index.php?rest_route=\/wp\/v2\/pages\/352\/revisions"}],"predecessor-version":[{"id":423,"href":"https:\/\/turbo-import.fr\/index.php?rest_route=\/wp\/v2\/pages\/352\/revisions\/423"}],"wp:attachment":[{"href":"https:\/\/turbo-import.fr\/index.php?rest_route=%2Fwp%2Fv2%2Fmedia&parent=352"}],"curies":[{"name":"wp","href":"https:\/\/api.w.org\/{rel}","templated":true}]}}